{"id":21,"date":"2026-03-30T19:10:45","date_gmt":"2026-03-30T19:10:45","guid":{"rendered":"https:\/\/reparemobile.fr\/?page_id=21"},"modified":"2026-03-31T10:30:08","modified_gmt":"2026-03-31T10:30:08","slug":"accueil","status":"publish","type":"page","link":"https:\/\/reparemobile.fr\/","title":{"rendered":""},"content":{"rendered":"\n<div class=\"wp-block-columns is-layout-flex wp-container-core-columns-is-layout-9d6595d7 wp-block-columns-is-layout-flex\">\n<div class=\"wp-block-column is-layout-flow wp-block-column-is-layout-flow\">\n<p style=\"font-size:45px\"><strong>Probl\u00e8me de t\u00e9l\u00e9phone ? Je vous aide rapidement, \u00e0 domicile.<\/strong><\/p>\n\n\n\n<p class=\"has-medium-font-size\">iPhone, smartphone, Mac ou PC : intervention rapide, simple et sans stress. Je suis un professionnel local bas\u00e9 \u00e0 Challans.<\/p>\n\n\n\n<p><strong>\u2714 Diagnostic gratuit<\/strong><br><strong>\u2714 Prix annonc\u00e9 avant intervention<\/strong><br><strong>\u2714 Paiement apr\u00e8s service<\/strong><\/p>\n<\/div>\n\n\n\n<div class=\"wp-block-column has-medium-font-size is-layout-flow wp-block-column-is-layout-flow\">\n<figure class=\"wp-block-image size-large is-resized\"><img loading=\"lazy\" decoding=\"async\" width=\"747\" height=\"1024\" src=\"http:\/\/reparemobile.fr\/wp-content\/uploads\/2026\/03\/Gemini_Generated_Image_d0c7bdd0c7bdd0c7-747x1024.png\" alt=\"\" class=\"wp-image-22\" style=\"aspect-ratio:0.7295016583399807;width:367px;height:auto\" srcset=\"https:\/\/reparemobile.fr\/wp-content\/uploads\/2026\/03\/Gemini_Generated_Image_d0c7bdd0c7bdd0c7-747x1024.png 747w, https:\/\/reparemobile.fr\/wp-content\/uploads\/2026\/03\/Gemini_Generated_Image_d0c7bdd0c7bdd0c7-219x300.png 219w, https:\/\/reparemobile.fr\/wp-content\/uploads\/2026\/03\/Gemini_Generated_Image_d0c7bdd0c7bdd0c7-768x1052.png 768w, https:\/\/reparemobile.fr\/wp-content\/uploads\/2026\/03\/Gemini_Generated_Image_d0c7bdd0c7bdd0c7-600x822.png 600w, https:\/\/reparemobile.fr\/wp-content\/uploads\/2026\/03\/Gemini_Generated_Image_d0c7bdd0c7bdd0c7.png 864w\" sizes=\"auto, (max-width: 747px) 100vw, 747px\" \/><\/figure>\n<\/div>\n<\/div>\n\n\n\n<hr class=\"wp-block-separator has-alpha-channel-opacity\"\/>\n\n\n\n<div class=\"wp-block-columns are-vertically-aligned-top .wp-block-columns { align-items: stretch; } .wp-block-column display: flex; flex-direction: column; justify-content: space-between; text-align: center; has-medium-font-size is-layout-flex wp-container-core-columns-is-layout-9d6595d7 wp-block-columns-is-layout-flex\" style=\"font-style:normal;font-weight:100\">\n<div class=\"wp-block-column is-vertically-aligned-top is-layout-flow wp-block-column-is-layout-flow\" style=\"font-size:25px\">\n<div class=\"wp-block-group .wp-block-columns { align-items: stretch; } .wp-block-column display: flex; flex-direction: column; justify-content: space-between; text-align: center; is-vertical is-layout-flex wp-container-core-group-is-layout-8cf370e7 wp-block-group-is-layout-flex\" style=\"font-size:19px\">\n<div class=\"gb-element-af142ac6\">\n<div>\n<div>\n<div>\n<div class=\"wp-block-group is-vertical is-layout-flex wp-container-core-group-is-layout-8cf370e7 wp-block-group-is-layout-flex\">\n<h2 class=\"wp-block-heading\" style=\"font-size:31px\"><strong>Votre t\u00e9l\u00e9phone vous pose probl\u00e8me ?<\/strong><\/h2>\n\n\n\n<div class=\"wp-block-group is-vertical is-layout-flex wp-container-core-group-is-layout-8cf370e7 wp-block-group-is-layout-flex\">\n<ul class=\"wp-block-list\">\n<li style=\"font-size:18px\">Lent, bloqu\u00e9 ou bug<\/li>\n\n\n\n<li>Transfert vers un nouveau t\u00e9l\u00e9phone<\/li>\n\n\n\n<li>Photos ou contacts perdus<\/li>\n\n\n\n<li>Param\u00e9trage compliqu\u00e9<\/li>\n\n\n\n<li>Trop de messages, stockage plein<\/li>\n<\/ul>\n\n\n\n<p>\ud83d\udc49 <strong>Intervention compl\u00e8te \u00e0 domicile<\/strong><\/p>\n<\/div>\n<\/div>\n<\/div>\n<\/div>\n<\/div>\n<\/div>\n<\/div>\n<\/div>\n\n\n\n<div class=\"wp-block-column is-vertically-aligned-top is-layout-flow wp-block-column-is-layout-flow\" style=\"font-size:25px\">\n<div class=\"wp-block-columns is-layout-flex wp-container-core-columns-is-layout-9d6595d7 wp-block-columns-is-layout-flex\">\n<div class=\"wp-block-column is-layout-flow wp-block-column-is-layout-flow\" style=\"flex-basis:100%\">\n<div class=\"wp-block-group is-vertical is-layout-flex wp-container-core-group-is-layout-8cf370e7 wp-block-group-is-layout-flex\" style=\"font-size:20px\">\n<h2 class=\"wp-block-heading\" style=\"font-size:30px\">   <strong>iPhone, Mobile <\/strong><\/h2>\n\n\n\n<ul style=\"font-size:18px\" class=\"wp-block-list\">\n<li>R\u00e9initialisation et remise \u00e0 neuf<\/li>\n\n\n\n<li>Nettoyage et optimisation<\/li>\n\n\n\n<li>Transfert complet (contacts, photos, applications)<\/li>\n\n\n\n<li>Param\u00e9trage (iCloud, Google, emails)<\/li>\n<\/ul>\n\n\n\n<p>   \ud83d\udc49 <strong>Pack iPhone, mobile d\u00e8s 39\u20ac<\/strong><\/p>\n<\/div>\n<\/div>\n<\/div>\n<\/div>\n\n\n\n<div class=\"wp-block-column is-vertically-aligned-top is-layout-flow wp-block-column-is-layout-flow\" style=\"font-size:25px\">\n<div class=\"wp-block-columns is-layout-flex wp-container-core-columns-is-layout-9d6595d7 wp-block-columns-is-layout-flex\">\n<div class=\"wp-block-column is-layout-flow wp-block-column-is-layout-flow\" style=\"flex-basis:100%\">\n<div class=\"wp-block-group is-vertical is-layout-flex wp-container-core-group-is-layout-8cf370e7 wp-block-group-is-layout-flex\" style=\"font-size:20px\">\n<h2 class=\"wp-block-heading\" style=\"font-size:30px\">   <strong>Mac \/ PC<\/strong><\/h2>\n\n\n\n<ul class=\"wp-block-list\">\n<li style=\"font-size:18px\">Nettoyage et acc\u00e9l\u00e9ration<\/li>\n\n\n\n<li style=\"font-size:18px\">R\u00e9installation syst\u00e8me<\/li>\n\n\n\n<li style=\"font-size:18px\">R\u00e9cup\u00e9ration de donn\u00e9es<\/li>\n<\/ul>\n\n\n\n<p>   \ud83d\udc49 <strong>\u00c0 partir de 79\u20ac<\/strong><\/p>\n<\/div>\n<\/div>\n<\/div>\n<\/div>\n<\/div>\n\n\n\n<div class=\"wp-block-columns is-layout-flex wp-container-core-columns-is-layout-9d6595d7 wp-block-columns-is-layout-flex\">\n<div class=\"wp-block-column is-layout-flow wp-block-column-is-layout-flow\" style=\"font-size:18px\">\n<div class=\"wp-block-group is-vertical is-layout-flex wp-container-core-group-is-layout-8cf370e7 wp-block-group-is-layout-flex\">\n<div class=\"wp-block-group is-vertical is-layout-flex wp-container-core-group-is-layout-8cf370e7 wp-block-group-is-layout-flex\">\n<h2 class=\"wp-block-heading\">   <strong>Les +<\/strong><\/h2>\n<\/div>\n\n\n\n<ul style=\"font-style:normal;font-weight:100\" class=\"wp-block-list\">\n<li style=\"font-size:18px\">Param\u00e9trage Smartwach <strong>+ 15\u20ac<\/strong><\/li>\n\n\n\n<li style=\"font-size:18px\">Param\u00e9trage Control Parental <strong>+ 15\u20ac<\/strong><\/li>\n\n\n\n<li style=\"font-size:18px\">Param\u00e9trage Box ou WiFi <strong>+ 15\u20ac<\/strong><\/li>\n\n\n\n<li style=\"font-size:18px\">Param\u00e9trage Imprimantes, Cam\u00e9ras <strong>+ 20\u20ac<\/strong><\/li>\n\n\n\n<li style=\"font-size:18px\">Sauvegarde Externe <strong>+ 20\u20ac<\/strong><\/li>\n\n\n\n<li style=\"font-size:18px\">D\u00e9pannage Urgence -24h <strong>+ 25\u20ac<\/strong><\/li>\n\n\n\n<li style=\"font-size:18px\">D\u00e9pannage Week-end <strong>+ 30\u20ac<\/strong><\/li>\n\n\n\n<li style=\"font-size:18px\">Conseil d&rsquo;Achat <strong>0\u20ac<\/strong><\/li>\n<\/ul>\n<\/div>\n<\/div>\n<\/div>\n\n\n\n<hr class=\"wp-block-separator has-alpha-channel-opacity is-style-wide\"\/>\n\n\n\n<div class=\"wp-block-columns is-layout-flex wp-container-core-columns-is-layout-9d6595d7 wp-block-columns-is-layout-flex\">\n<div class=\"wp-block-column is-layout-flow wp-block-column-is-layout-flow\">\n<h2 class=\"wp-block-heading has-text-align-left\" style=\"font-size:32px\"><strong>Pourquoi choisir reparemobile<\/strong><\/h2>\n\n\n\n<div class=\"wp-block-columns is-layout-flex wp-container-core-columns-is-layout-9d6595d7 wp-block-columns-is-layout-flex\">\n<div class=\"wp-block-column is-layout-flow wp-block-column-is-layout-flow\">\n<p class=\"has-text-align-left\" style=\"font-size:18px\">\u2714 Intervention rapide \u00e0 domicile<\/p>\n\n\n\n<p class=\"has-text-align-left\" style=\"font-size:18px\">\u2714 Explications simples (sans jargon)<\/p>\n\n\n\n<p class=\"has-text-align-left\" style=\"font-size:18px\">\u2714 Diagnostic gratuit<\/p>\n\n\n\n<p class=\"has-text-align-left\" style=\"font-size:18px\">\u2714 Service local \u00e0 Challans<\/p>\n\n\n\n<p class=\"has-text-align-left\" style=\"font-size:18px\">\u2714 R\u00e9sultat imm\u00e9diat<\/p>\n<\/div>\n<\/div>\n<\/div>\n<\/div>\n\n\n\n<div class=\"wp-block-columns is-layout-flex wp-container-core-columns-is-layout-9d6595d7 wp-block-columns-is-layout-flex\">\n<div class=\"wp-block-column is-layout-flow wp-block-column-is-layout-flow\">\n<h2 class=\"wp-block-heading\" style=\"font-size:32px\"><strong>Comment \u00e7a marche <\/strong><\/h2>\n\n\n\n<h3 class=\"wp-block-heading has-medium-font-size\"><strong>1. Vous me contactez<\/strong><\/h3>\n\n\n\n<p>\ud83d\udcde <a href=\"tel:0768384867\">07 68 38 48 67 <\/a>ou \ud83d\udcac <a href=\"https:\/\/wa.me\/33768384867?text=Bonjour%2C%20j%E2%80%99ai%20un%20probl%C3%A8me%20avec%20mon%20smartphone%20%28lent%20%2F%20transfert%20%2F%20bug%29.%20%C3%8Ates-vous%20disponible%20rapidement%20%3F\">WhatsApp<\/a><\/p>\n\n\n\n<h3 class=\"wp-block-heading has-medium-font-size\"><strong>2. Je vous r\u00e9ponds rapidement<\/strong><\/h3>\n\n\n\n<p>\u2192 diagnostic gratuit + \u2192 devis clair avec tarif annonc\u00e9 \u00e0 l\u2019avance<\/p>\n\n\n\n<h3 class=\"wp-block-heading has-medium-font-size\"><strong>3. J\u2019interviens chez vous<\/strong><\/h3>\n\n\n\n<p>\u2192 r\u00e9paration, transfert ou optimisation \u2192 votre appareil fonctionne \u00e0 nouveau<\/p>\n\n\n\n<h5 class=\"wp-block-heading\"><strong>4. Paiement simple et s\u00e9curis\u00e9<\/strong><\/h5>\n\n\n\n<p>\ud83d\udcb3 Paiement sur place (CB, esp\u00e8ces) <br>\u2192 uniquement une fois l\u2019intervention r\u00e9alis\u00e9e<\/p>\n\n\n\n<hr class=\"wp-block-separator has-alpha-channel-opacity\"\/>\n<\/div>\n<\/div>\n\n\n\n<p><a href=\"https:\/\/reparemobile.fr\/index.php\/mention-legale\/\" data-type=\"link\" data-id=\"https:\/\/reparemobile.fr\/index.php\/mention-legale\/\">Mentions l\u00e9gales<\/a> &#8211; \u00a9reparemobile<\/p>\n\n\n\n<p><\/p>\n","protected":false},"excerpt":{"rendered":"<p>Probl\u00e8me de t\u00e9l\u00e9phone ? Je vous aide rapidement, \u00e0 domicile. iPhone, smartphone, Mac ou PC : intervention rapide, simple et sans stress. Je suis un professionnel local bas\u00e9 \u00e0 Challans. \u2714 Diagnostic gratuit\u2714 Prix annonc\u00e9 avant intervention\u2714 Paiement apr\u00e8s service Votre t\u00e9l\u00e9phone vous pose probl\u00e8me ? \ud83d\udc49 Intervention compl\u00e8te \u00e0 domicile iPhone, Mobile \ud83d\udc49 Pack &#8230; <a title=\"\" class=\"read-more\" href=\"https:\/\/reparemobile.fr\/\" aria-label=\"En savoir plus sur \">Lire la suite<\/a><\/p>\n","protected":false},"author":1,"featured_media":0,"parent":0,"menu_order":0,"comment_status":"closed","ping_status":"closed","template":"","meta":{"footnotes":""},"class_list":["post-21","page","type-page","status-publish"],"jetpack_sharing_enabled":true,"_links":{"self":[{"href":"https:\/\/reparemobile.fr\/index.php\/wp-json\/wp\/v2\/pages\/21","targetHints":{"allow":["GET"]}}],"collection":[{"href":"https:\/\/reparemobile.fr\/index.php\/wp-json\/wp\/v2\/pages"}],"about":[{"href":"https:\/\/reparemobile.fr\/index.php\/wp-json\/wp\/v2\/types\/page"}],"author":[{"embeddable":true,"href":"https:\/\/reparemobile.fr\/index.php\/wp-json\/wp\/v2\/users\/1"}],"replies":[{"embeddable":true,"href":"https:\/\/reparemobile.fr\/index.php\/wp-json\/wp\/v2\/comments?post=21"}],"version-history":[{"count":59,"href":"https:\/\/reparemobile.fr\/index.php\/wp-json\/wp\/v2\/pages\/21\/revisions"}],"predecessor-version":[{"id":136,"href":"https:\/\/reparemobile.fr\/index.php\/wp-json\/wp\/v2\/pages\/21\/revisions\/136"}],"wp:attachment":[{"href":"https:\/\/reparemobile.fr\/index.php\/wp-json\/wp\/v2\/media?parent=21"}],"curies":[{"name":"wp","href":"https:\/\/api.w.org\/{rel}","templated":true}]}}