{"id":3,"date":"2026-03-30T14:12:38","date_gmt":"2026-03-30T14:12:38","guid":{"rendered":"http:\/\/reparemobile.fr\/?page_id=3"},"modified":"2026-03-31T07:31:59","modified_gmt":"2026-03-31T07:31:59","slug":"mention-legale","status":"publish","type":"page","link":"https:\/\/reparemobile.fr\/index.php\/mention-legale\/","title":{"rendered":"Mentions l\u00e9gales"},"content":{"rendered":"\n<h2 class=\"wp-block-heading\"><strong>Qui sommes-nous<\/strong><\/h2>\n\n\n\n<p>Le site <strong>RepareMobile<\/strong> propose des services de d\u00e9pannage et d\u2019assistance informatique \u00e0 domicile \u00e0 Challans et ses environs.<br>Adresse du site : <a href=\"https:\/\/reparemobile.fr\">https:\/\/reparemobile.fr<\/a><\/p>\n\n\n\n<p>Responsable de publication : Christophe Romei<br>Statut : Auto-entrepreneur &#8211; Siret : 379 821 978 00044<\/p>\n\n\n\n<p>H\u00e9bergement : <strong>OVHcloud<\/strong><\/p>\n\n\n\n<p>Email : contact@reparemobile.fr<\/p>\n\n\n\n<p>\ud83d\udcde 07 68 38 48 67<br>\ud83d\udccd Challans<\/p>\n\n\n\n<hr class=\"wp-block-separator has-alpha-channel-opacity\"\/>\n\n\n\n<h2 class=\"wp-block-heading\"><strong>Donn\u00e9es collect\u00e9es<\/strong><\/h2>\n\n\n\n<p>Nous collectons uniquement les donn\u00e9es n\u00e9cessaires pour vous r\u00e9pondre :<\/p>\n\n\n\n<ul class=\"wp-block-list\">\n<li>Nom (si fourni)<\/li>\n\n\n\n<li>Num\u00e9ro de t\u00e9l\u00e9phone<\/li>\n\n\n\n<li>Message (via formulaire ou WhatsApp)<\/li>\n<\/ul>\n\n\n\n<p>Ces donn\u00e9es sont utilis\u00e9es uniquement pour :<br>\ud83d\udc49 r\u00e9pondre \u00e0 votre demande<br>\ud83d\udc49 organiser une intervention<\/p>\n\n\n\n<hr class=\"wp-block-separator has-alpha-channel-opacity\"\/>\n\n\n\n<h2 class=\"wp-block-heading\"><strong>Paiement<\/strong><\/h2>\n\n\n\n<p>Les paiements peuvent \u00eatre r\u00e9alis\u00e9s en ligne ou sur place (CB, esp\u00e8ces).<br>Les donn\u00e9es bancaires ne sont jamais stock\u00e9es sur notre site et sont trait\u00e9es de mani\u00e8re s\u00e9curis\u00e9e par des prestataires externes (ex : Stripe).<\/p>\n\n\n\n<hr class=\"wp-block-separator has-alpha-channel-opacity\"\/>\n\n\n\n<h2 class=\"wp-block-heading\"><strong>Cookies<\/strong><\/h2>\n\n\n\n<p>Le site peut utiliser des cookies techniques n\u00e9cessaires \u00e0 son fonctionnement.<br>Aucune donn\u00e9e sensible n\u2019est exploit\u00e9e \u00e0 des fins commerciales.<\/p>\n\n\n\n<hr class=\"wp-block-separator has-alpha-channel-opacity\"\/>\n\n\n\n<h2 class=\"wp-block-heading\"><strong>Dur\u00e9e de conservation<\/strong><\/h2>\n\n\n\n<p>Vos donn\u00e9es sont conserv\u00e9es uniquement le temps n\u00e9cessaire \u00e0 la gestion de la relation client et des obligations l\u00e9gales.<\/p>\n\n\n\n<hr class=\"wp-block-separator has-alpha-channel-opacity\"\/>\n\n\n\n<h2 class=\"wp-block-heading\"><strong>Vos droits<\/strong><\/h2>\n\n\n\n<p>Conform\u00e9ment au RGPD, vous pouvez :<\/p>\n\n\n\n<ul class=\"wp-block-list\">\n<li>demander l\u2019acc\u00e8s \u00e0 vos donn\u00e9es<\/li>\n\n\n\n<li>demander leur modification ou suppression<\/li>\n<\/ul>\n\n\n\n<p>\ud83d\udc49 Contact : contact (@) reparemobile.fr<\/p>\n\n\n\n<hr class=\"wp-block-separator has-alpha-channel-opacity\"\/>\n\n\n\n<h2 class=\"wp-block-heading\"><strong>Partage des donn\u00e9es<\/strong><\/h2>\n\n\n\n<p>Vos donn\u00e9es ne sont jamais revendues.<br>Elles peuvent \u00eatre partag\u00e9es uniquement avec des outils n\u00e9cessaires au service (paiement, h\u00e9bergement).<\/p>\n\n\n\n<hr class=\"wp-block-separator has-alpha-channel-opacity\"\/>\n","protected":false},"excerpt":{"rendered":"<p>Qui sommes-nous Le site RepareMobile propose des services de d\u00e9pannage et d\u2019assistance informatique \u00e0 domicile \u00e0 Challans et ses environs.Adresse du site : https:\/\/reparemobile.fr Responsable de publication : Christophe RomeiStatut : Auto-entrepreneur &#8211; Siret : 379 821 978 00044 H\u00e9bergement : OVHcloud Email : contact@reparemobile.fr \ud83d\udcde 07 68 38 48 67\ud83d\udccd Challans Donn\u00e9es collect\u00e9es Nous &#8230; <a title=\"Mentions l\u00e9gales\" class=\"read-more\" href=\"https:\/\/reparemobile.fr\/index.php\/mention-legale\/\" aria-label=\"En savoir plus sur Mentions l\u00e9gales\">Lire la suite<\/a><\/p>\n","protected":false},"author":1,"featured_media":0,"parent":0,"menu_order":0,"comment_status":"closed","ping_status":"open","template":"","meta":{"footnotes":""},"class_list":["post-3","page","type-page","status-publish"],"jetpack_sharing_enabled":true,"_links":{"self":[{"href":"https:\/\/reparemobile.fr\/index.php\/wp-json\/wp\/v2\/pages\/3","targetHints":{"allow":["GET"]}}],"collection":[{"href":"https:\/\/reparemobile.fr\/index.php\/wp-json\/wp\/v2\/pages"}],"about":[{"href":"https:\/\/reparemobile.fr\/index.php\/wp-json\/wp\/v2\/types\/page"}],"author":[{"embeddable":true,"href":"https:\/\/reparemobile.fr\/index.php\/wp-json\/wp\/v2\/users\/1"}],"replies":[{"embeddable":true,"href":"https:\/\/reparemobile.fr\/index.php\/wp-json\/wp\/v2\/comments?post=3"}],"version-history":[{"count":2,"href":"https:\/\/reparemobile.fr\/index.php\/wp-json\/wp\/v2\/pages\/3\/revisions"}],"predecessor-version":[{"id":50,"href":"https:\/\/reparemobile.fr\/index.php\/wp-json\/wp\/v2\/pages\/3\/revisions\/50"}],"wp:attachment":[{"href":"https:\/\/reparemobile.fr\/index.php\/wp-json\/wp\/v2\/media?parent=3"}],"curies":[{"name":"wp","href":"https:\/\/api.w.org\/{rel}","templated":true}]}}